{"id":805,"date":"2024-10-17T17:08:58","date_gmt":"2024-10-17T15:08:58","guid":{"rendered":"https:\/\/amopc-be.fr\/?page_id=805"},"modified":"2025-09-12T16:46:11","modified_gmt":"2025-09-12T14:46:11","slug":"realisations","status":"publish","type":"page","link":"https:\/\/amopc-be.fr\/index.php\/realisations\/","title":{"rendered":"Realisations"},"content":{"rendered":"\t\t<div data-elementor-type=\"wp-page\" data-elementor-id=\"805\" class=\"elementor elementor-805\" data-elementor-settings=\"[]\">\n\t\t\t\t\t\t<div class=\"elementor-inner\">\n\t\t\t\t\t\t\t<div class=\"elementor-section-wrap\">\n\t\t\t\t\t\t\t<section class=\"elementor-section elementor-top-section elementor-element elementor-element-665ea4a elementor-section-boxed elementor-section-height-default elementor-section-height-default\" data-id=\"665ea4a\" data-element_type=\"section\">\n\t\t\t\t\t\t<div class=\"elementor-container elementor-column-gap-default\">\n\t\t\t\t\t\t\t<div class=\"elementor-row\">\n\t\t\t\t\t<div class=\"elementor-column elementor-col-100 elementor-top-column elementor-element elementor-element-5ae6eaf\" data-id=\"5ae6eaf\" data-element_type=\"column\">\n\t\t\t<div class=\"elementor-column-wrap elementor-element-populated\">\n\t\t\t\t\t\t\t<div class=\"elementor-widget-wrap\">\n\t\t\t\t\t\t<div class=\"elementor-element elementor-element-15730f4 elementor-widget elementor-widget-heading\" data-id=\"15730f4\" data-element_type=\"widget\" data-widget_type=\"heading.default\">\n\t\t\t\t<div class=\"elementor-widget-container\">\n\t\t\t<h2 class=\"elementor-heading-title elementor-size-large\">Nos Projets<\/h2>\t\t<\/div>\n\t\t\t\t<\/div>\n\t\t\t\t\t\t<\/div>\n\t\t\t\t\t<\/div>\n\t\t<\/div>\n\t\t\t\t\t\t\t\t<\/div>\n\t\t\t\t\t<\/div>\n\t\t<\/section>\n\t\t\t\t<section class=\"elementor-section elementor-top-section elementor-element elementor-element-faddfa0 elementor-section-boxed elementor-section-height-default elementor-section-height-default\" data-id=\"faddfa0\" data-element_type=\"section\">\n\t\t\t\t\t\t<div class=\"elementor-container elementor-column-gap-default\">\n\t\t\t\t\t\t\t<div class=\"elementor-row\">\n\t\t\t\t\t<div class=\"elementor-column elementor-col-100 elementor-top-column elementor-element elementor-element-aa26a08\" data-id=\"aa26a08\" data-element_type=\"column\">\n\t\t\t<div class=\"elementor-column-wrap elementor-element-populated\">\n\t\t\t\t\t\t\t<div class=\"elementor-widget-wrap\">\n\t\t\t\t\t\t<div class=\"elementor-element elementor-element-1c49f9a elementor-widget-divider--separator-type-pattern elementor-widget-divider--no-spacing elementor-widget-divider--view-line elementor-widget elementor-widget-divider\" data-id=\"1c49f9a\" data-element_type=\"widget\" data-widget_type=\"divider.default\">\n\t\t\t\t<div class=\"elementor-widget-container\">\n\t\t\t\t\t<div class=\"elementor-divider\" style=\"--divider-pattern-url: url(&quot;data:image\/svg+xml,%3Csvg xmlns=&#039;http:\/\/www.w3.org\/2000\/svg&#039; preserveAspectRatio=&#039;none&#039; overflow=&#039;visible&#039; height=&#039;100%&#039; viewBox=&#039;0 0 24 24&#039; fill=&#039;black&#039; stroke=&#039;none&#039;%3E%3Cpath d=&#039;M24,8v12H0V8H24z M24,4v1H0V4H24z&#039;\/%3E%3C\/svg%3E&quot;);\">\n\t\t\t<span class=\"elementor-divider-separator\">\n\t\t\t\t\t\t<\/span>\n\t\t<\/div>\n\t\t\t\t<\/div>\n\t\t\t\t<\/div>\n\t\t\t\t\t\t<\/div>\n\t\t\t\t\t<\/div>\n\t\t<\/div>\n\t\t\t\t\t\t\t\t<\/div>\n\t\t\t\t\t<\/div>\n\t\t<\/section>\n\t\t\t\t<section class=\"elementor-section elementor-top-section elementor-element elementor-element-47126a7 elementor-section-boxed elementor-section-height-default elementor-section-height-default\" data-id=\"47126a7\" data-element_type=\"section\">\n\t\t\t\t\t\t<div class=\"elementor-container elementor-column-gap-default\">\n\t\t\t\t\t\t\t<div class=\"elementor-row\">\n\t\t\t\t\t<div class=\"elementor-column elementor-col-100 elementor-top-column elementor-element elementor-element-ee3dbb6\" data-id=\"ee3dbb6\" data-element_type=\"column\">\n\t\t\t<div class=\"elementor-column-wrap elementor-element-populated\">\n\t\t\t\t\t\t\t<div class=\"elementor-widget-wrap\">\n\t\t\t\t\t\t<div class=\"elementor-element elementor-element-a0f26d8 elementor-widget elementor-widget-heading\" data-id=\"a0f26d8\" data-element_type=\"widget\" data-widget_type=\"heading.default\">\n\t\t\t\t<div class=\"elementor-widget-container\">\n\t\t\t<h2 class=\"elementor-heading-title elementor-size-default\">\u2728 Tous nos projet r\u00e9alis\u00e9s selon leur domaine :<\/h2>\t\t<\/div>\n\t\t\t\t<\/div>\n\t\t\t\t\t\t<\/div>\n\t\t\t\t\t<\/div>\n\t\t<\/div>\n\t\t\t\t\t\t\t\t<\/div>\n\t\t\t\t\t<\/div>\n\t\t<\/section>\n\t\t\t\t<section class=\"elementor-section elementor-top-section elementor-element elementor-element-158fb87 elementor-section-boxed elementor-section-height-default elementor-section-height-default\" data-id=\"158fb87\" data-element_type=\"section\">\n\t\t\t\t\t\t<div class=\"elementor-container elementor-column-gap-default\">\n\t\t\t\t\t\t\t<div class=\"elementor-row\">\n\t\t\t\t\t<div class=\"elementor-column elementor-col-100 elementor-top-column elementor-element elementor-element-3167cf0\" data-id=\"3167cf0\" data-element_type=\"column\">\n\t\t\t<div class=\"elementor-column-wrap elementor-element-populated\">\n\t\t\t\t\t\t\t<div class=\"elementor-widget-wrap\">\n\t\t\t\t\t\t<div class=\"elementor-element elementor-element-731b7f2 elementor-widget elementor-widget-text-editor\" data-id=\"731b7f2\" data-element_type=\"widget\" data-widget_type=\"text-editor.default\">\n\t\t\t\t<div class=\"elementor-widget-container\">\n\t\t\t\t\t\t\t\t<div class=\"elementor-text-editor elementor-clearfix\">\n\t\t\t\t<p class=\"\" data-start=\"99\" data-end=\"144\"><strong data-start=\"99\" data-end=\"144\">Notre savoir-faire \u00e0 l\u2019\u00e9preuve du terrain<\/strong><\/p><p class=\"\" data-start=\"146\" data-end=\"484\">Chez <strong>AMOPC<\/strong>, chaque projet r\u00e9alis\u00e9 est l\u2019occasion de mettre en \u0153uvre notre expertise et notre engagement aux c\u00f4t\u00e9s de nos partenaires. D\u00e9couvrez quelques exemples concrets de r\u00e9alisations qui illustrent notre capacit\u00e9 \u00e0 accompagner, piloter et concr\u00e9tiser des op\u00e9rations de construction, de r\u00e9novation ou d\u2019am\u00e9nagement, \u00e0 chaque \u00e9tape cl\u00e9.<\/p>\t\t\t\t\t<\/div>\n\t\t\t\t\t\t<\/div>\n\t\t\t\t<\/div>\n\t\t\t\t\t\t<\/div>\n\t\t\t\t\t<\/div>\n\t\t<\/div>\n\t\t\t\t\t\t\t\t<\/div>\n\t\t\t\t\t<\/div>\n\t\t<\/section>\n\t\t\t\t<section class=\"elementor-section elementor-top-section elementor-element elementor-element-826e66b elementor-section-boxed elementor-section-height-default elementor-section-height-default\" data-id=\"826e66b\" data-element_type=\"section\">\n\t\t\t\t\t\t<div class=\"elementor-container elementor-column-gap-default\">\n\t\t\t\t\t\t\t<div class=\"elementor-row\">\n\t\t\t\t\t<div class=\"elementor-column elementor-col-20 elementor-top-column elementor-element elementor-element-9f97c87\" data-id=\"9f97c87\" data-element_type=\"column\">\n\t\t\t<div class=\"elementor-column-wrap elementor-element-populated\">\n\t\t\t\t\t\t\t<div class=\"elementor-widget-wrap\">\n\t\t\t\t\t\t<div class=\"elementor-element elementor-element-b5056c8 elementor-invisible elementor-widget elementor-widget-image\" data-id=\"b5056c8\" data-element_type=\"widget\" data-settings=\"{&quot;_animation&quot;:&quot;fadeInDown&quot;}\" data-widget_type=\"image.default\">\n\t\t\t\t<div class=\"elementor-widget-container\">\n\t\t\t\t\t\t\t\t<div class=\"elementor-image\">\n\t\t\t\t\t\t\t\t\t<figure class=\"wp-caption\">\n\t\t\t\t\t\t\t\t\t\t\t<a href=\"https:\/\/amopc-be.fr\/index.php\/marches-prives\/\">\n\t\t\t\t\t\t\t<img loading=\"lazy\" decoding=\"async\" width=\"1024\" height=\"1024\" src=\"https:\/\/amopc-be.fr\/wp-content\/uploads\/2025\/04\/5-1024x1024.png\" class=\"attachment-large size-large\" alt=\"\" srcset=\"https:\/\/amopc-be.fr\/wp-content\/uploads\/2025\/04\/5-1024x1024.png 1024w, https:\/\/amopc-be.fr\/wp-content\/uploads\/2025\/04\/5-300x300.png 300w, https:\/\/amopc-be.fr\/wp-content\/uploads\/2025\/04\/5-150x150.png 150w, https:\/\/amopc-be.fr\/wp-content\/uploads\/2025\/04\/5-768x768.png 768w, https:\/\/amopc-be.fr\/wp-content\/uploads\/2025\/04\/5-1536x1536.png 1536w, https:\/\/amopc-be.fr\/wp-content\/uploads\/2025\/04\/5.png 2000w\" sizes=\"auto, (max-width: 1024px) 100vw, 1024px\" \/>\t\t\t\t\t\t\t\t<\/a>\n\t\t\t\t\t\t\t\t\t\t\t<figcaption class=\"widget-image-caption wp-caption-text\">Cliquez ici<\/figcaption>\n\t\t\t\t\t\t\t\t\t\t<\/figure>\n\t\t\t\t\t\t\t\t<\/div>\n\t\t\t\t\t\t<\/div>\n\t\t\t\t<\/div>\n\t\t\t\t<div class=\"elementor-element elementor-element-246f0a1 elementor-widget elementor-widget-heading\" data-id=\"246f0a1\" data-element_type=\"widget\" data-widget_type=\"heading.default\">\n\t\t\t\t<div class=\"elementor-widget-container\">\n\t\t\t<h2 class=\"elementor-heading-title elementor-size-medium\">Maitrise d'\u0152uvre<\/h2>\t\t<\/div>\n\t\t\t\t<\/div>\n\t\t\t\t\t\t<\/div>\n\t\t\t\t\t<\/div>\n\t\t<\/div>\n\t\t\t\t<div class=\"elementor-column elementor-col-20 elementor-top-column elementor-element elementor-element-0198c86\" data-id=\"0198c86\" data-element_type=\"column\">\n\t\t\t<div class=\"elementor-column-wrap elementor-element-populated\">\n\t\t\t\t\t\t\t<div class=\"elementor-widget-wrap\">\n\t\t\t\t\t\t<div class=\"elementor-element elementor-element-11f14a0 elementor-invisible elementor-widget elementor-widget-image\" data-id=\"11f14a0\" data-element_type=\"widget\" data-settings=\"{&quot;_animation&quot;:&quot;fadeInDown&quot;}\" data-widget_type=\"image.default\">\n\t\t\t\t<div class=\"elementor-widget-container\">\n\t\t\t\t\t\t\t\t<div class=\"elementor-image\">\n\t\t\t\t\t\t\t\t\t<figure class=\"wp-caption\">\n\t\t\t\t\t\t\t\t\t\t\t<a href=\"https:\/\/amopc-be.fr\/index.php\/projets-en-assistance-a-la-maitrise-douvrage\/\">\n\t\t\t\t\t\t\t<img loading=\"lazy\" decoding=\"async\" width=\"1024\" height=\"1024\" src=\"https:\/\/amopc-be.fr\/wp-content\/uploads\/2025\/04\/2-2-1024x1024.png\" class=\"attachment-large size-large\" alt=\"\" srcset=\"https:\/\/amopc-be.fr\/wp-content\/uploads\/2025\/04\/2-2-1024x1024.png 1024w, https:\/\/amopc-be.fr\/wp-content\/uploads\/2025\/04\/2-2-300x300.png 300w, https:\/\/amopc-be.fr\/wp-content\/uploads\/2025\/04\/2-2-150x150.png 150w, https:\/\/amopc-be.fr\/wp-content\/uploads\/2025\/04\/2-2-768x768.png 768w, https:\/\/amopc-be.fr\/wp-content\/uploads\/2025\/04\/2-2-1536x1536.png 1536w, https:\/\/amopc-be.fr\/wp-content\/uploads\/2025\/04\/2-2.png 2000w\" sizes=\"auto, (max-width: 1024px) 100vw, 1024px\" \/>\t\t\t\t\t\t\t\t<\/a>\n\t\t\t\t\t\t\t\t\t\t\t<figcaption class=\"widget-image-caption wp-caption-text\">Cliquez ici<\/figcaption>\n\t\t\t\t\t\t\t\t\t\t<\/figure>\n\t\t\t\t\t\t\t\t<\/div>\n\t\t\t\t\t\t<\/div>\n\t\t\t\t<\/div>\n\t\t\t\t<div class=\"elementor-element elementor-element-9e72271 elementor-widget elementor-widget-heading\" data-id=\"9e72271\" data-element_type=\"widget\" data-widget_type=\"heading.default\">\n\t\t\t\t<div class=\"elementor-widget-container\">\n\t\t\t<h2 class=\"elementor-heading-title elementor-size-medium\">Assistance \u00e0 la Ma\u00eetrise d'Ouvrage<\/h2>\t\t<\/div>\n\t\t\t\t<\/div>\n\t\t\t\t\t\t<\/div>\n\t\t\t\t\t<\/div>\n\t\t<\/div>\n\t\t\t\t<div class=\"elementor-column elementor-col-20 elementor-top-column elementor-element elementor-element-21aa912\" data-id=\"21aa912\" data-element_type=\"column\">\n\t\t\t<div class=\"elementor-column-wrap elementor-element-populated\">\n\t\t\t\t\t\t\t<div class=\"elementor-widget-wrap\">\n\t\t\t\t\t\t<div class=\"elementor-element elementor-element-0c05947 elementor-invisible elementor-widget elementor-widget-image\" data-id=\"0c05947\" data-element_type=\"widget\" data-settings=\"{&quot;_animation&quot;:&quot;fadeInDown&quot;}\" data-widget_type=\"image.default\">\n\t\t\t\t<div class=\"elementor-widget-container\">\n\t\t\t\t\t\t\t\t<div class=\"elementor-image\">\n\t\t\t\t\t\t\t\t\t<figure class=\"wp-caption\">\n\t\t\t\t\t\t\t\t\t\t\t<a href=\"https:\/\/amopc-be.fr\/index.php\/projets-en-economie-de-la-construction\/\">\n\t\t\t\t\t\t\t<img loading=\"lazy\" decoding=\"async\" width=\"1024\" height=\"1024\" src=\"https:\/\/amopc-be.fr\/wp-content\/uploads\/2025\/04\/3-2-1024x1024.png\" class=\"attachment-large size-large\" alt=\"\" srcset=\"https:\/\/amopc-be.fr\/wp-content\/uploads\/2025\/04\/3-2-1024x1024.png 1024w, https:\/\/amopc-be.fr\/wp-content\/uploads\/2025\/04\/3-2-300x300.png 300w, https:\/\/amopc-be.fr\/wp-content\/uploads\/2025\/04\/3-2-150x150.png 150w, https:\/\/amopc-be.fr\/wp-content\/uploads\/2025\/04\/3-2-768x768.png 768w, https:\/\/amopc-be.fr\/wp-content\/uploads\/2025\/04\/3-2-1536x1536.png 1536w, https:\/\/amopc-be.fr\/wp-content\/uploads\/2025\/04\/3-2.png 2000w\" sizes=\"auto, (max-width: 1024px) 100vw, 1024px\" \/>\t\t\t\t\t\t\t\t<\/a>\n\t\t\t\t\t\t\t\t\t\t\t<figcaption class=\"widget-image-caption wp-caption-text\">Cliquez ici<\/figcaption>\n\t\t\t\t\t\t\t\t\t\t<\/figure>\n\t\t\t\t\t\t\t\t<\/div>\n\t\t\t\t\t\t<\/div>\n\t\t\t\t<\/div>\n\t\t\t\t<div class=\"elementor-element elementor-element-50ded2f elementor-widget elementor-widget-heading\" data-id=\"50ded2f\" data-element_type=\"widget\" data-widget_type=\"heading.default\">\n\t\t\t\t<div class=\"elementor-widget-container\">\n\t\t\t<h2 class=\"elementor-heading-title elementor-size-medium\">Economie de la construction<\/h2>\t\t<\/div>\n\t\t\t\t<\/div>\n\t\t\t\t\t\t<\/div>\n\t\t\t\t\t<\/div>\n\t\t<\/div>\n\t\t\t\t<div class=\"elementor-column elementor-col-20 elementor-top-column elementor-element elementor-element-72d659c\" data-id=\"72d659c\" data-element_type=\"column\">\n\t\t\t<div class=\"elementor-column-wrap elementor-element-populated\">\n\t\t\t\t\t\t\t<div class=\"elementor-widget-wrap\">\n\t\t\t\t\t\t<div class=\"elementor-element elementor-element-04c4876 elementor-invisible elementor-widget elementor-widget-image\" data-id=\"04c4876\" data-element_type=\"widget\" data-settings=\"{&quot;_animation&quot;:&quot;fadeInDown&quot;}\" data-widget_type=\"image.default\">\n\t\t\t\t<div class=\"elementor-widget-container\">\n\t\t\t\t\t\t\t\t<div class=\"elementor-image\">\n\t\t\t\t\t\t\t\t\t<figure class=\"wp-caption\">\n\t\t\t\t\t\t\t\t\t\t\t<a href=\"https:\/\/amopc-be.fr\/index.php\/projets-en-aide-administrative-aux-entreprises\/\">\n\t\t\t\t\t\t\t<img loading=\"lazy\" decoding=\"async\" width=\"1024\" height=\"1024\" src=\"https:\/\/amopc-be.fr\/wp-content\/uploads\/2025\/04\/4-1024x1024.png\" class=\"attachment-large size-large\" alt=\"\" srcset=\"https:\/\/amopc-be.fr\/wp-content\/uploads\/2025\/04\/4-1024x1024.png 1024w, https:\/\/amopc-be.fr\/wp-content\/uploads\/2025\/04\/4-300x300.png 300w, https:\/\/amopc-be.fr\/wp-content\/uploads\/2025\/04\/4-150x150.png 150w, https:\/\/amopc-be.fr\/wp-content\/uploads\/2025\/04\/4-768x768.png 768w, https:\/\/amopc-be.fr\/wp-content\/uploads\/2025\/04\/4-1536x1536.png 1536w, https:\/\/amopc-be.fr\/wp-content\/uploads\/2025\/04\/4.png 2000w\" sizes=\"auto, (max-width: 1024px) 100vw, 1024px\" \/>\t\t\t\t\t\t\t\t<\/a>\n\t\t\t\t\t\t\t\t\t\t\t<figcaption class=\"widget-image-caption wp-caption-text\">Cliquez ici<\/figcaption>\n\t\t\t\t\t\t\t\t\t\t<\/figure>\n\t\t\t\t\t\t\t\t<\/div>\n\t\t\t\t\t\t<\/div>\n\t\t\t\t<\/div>\n\t\t\t\t<div class=\"elementor-element elementor-element-817d19e elementor-widget elementor-widget-heading\" data-id=\"817d19e\" data-element_type=\"widget\" data-widget_type=\"heading.default\">\n\t\t\t\t<div class=\"elementor-widget-container\">\n\t\t\t<h2 class=\"elementor-heading-title elementor-size-medium\">Aide Administrative aux Entreprises<\/h2>\t\t<\/div>\n\t\t\t\t<\/div>\n\t\t\t\t\t\t<\/div>\n\t\t\t\t\t<\/div>\n\t\t<\/div>\n\t\t\t\t<div class=\"elementor-column elementor-col-20 elementor-top-column elementor-element elementor-element-ee323fa\" data-id=\"ee323fa\" data-element_type=\"column\">\n\t\t\t<div class=\"elementor-column-wrap elementor-element-populated\">\n\t\t\t\t\t\t\t<div class=\"elementor-widget-wrap\">\n\t\t\t\t\t\t<div class=\"elementor-element elementor-element-9401738 elementor-invisible elementor-widget elementor-widget-image\" data-id=\"9401738\" data-element_type=\"widget\" data-settings=\"{&quot;_animation&quot;:&quot;fadeInDown&quot;}\" data-widget_type=\"image.default\">\n\t\t\t\t<div class=\"elementor-widget-container\">\n\t\t\t\t\t\t\t\t<div class=\"elementor-image\">\n\t\t\t\t\t\t\t\t\t<figure class=\"wp-caption\">\n\t\t\t\t\t\t\t\t\t\t\t<a href=\"https:\/\/amopc-be.fr\/index.php\/projets-en-expertises-et-diagnostics-structurels\/\">\n\t\t\t\t\t\t\t<img loading=\"lazy\" decoding=\"async\" width=\"1024\" height=\"1024\" src=\"https:\/\/amopc-be.fr\/wp-content\/uploads\/2025\/04\/6-2-1024x1024.png\" class=\"attachment-large size-large\" alt=\"\" srcset=\"https:\/\/amopc-be.fr\/wp-content\/uploads\/2025\/04\/6-2-1024x1024.png 1024w, https:\/\/amopc-be.fr\/wp-content\/uploads\/2025\/04\/6-2-300x300.png 300w, https:\/\/amopc-be.fr\/wp-content\/uploads\/2025\/04\/6-2-150x150.png 150w, https:\/\/amopc-be.fr\/wp-content\/uploads\/2025\/04\/6-2-768x768.png 768w, https:\/\/amopc-be.fr\/wp-content\/uploads\/2025\/04\/6-2-1536x1536.png 1536w, https:\/\/amopc-be.fr\/wp-content\/uploads\/2025\/04\/6-2.png 2000w\" sizes=\"auto, (max-width: 1024px) 100vw, 1024px\" \/>\t\t\t\t\t\t\t\t<\/a>\n\t\t\t\t\t\t\t\t\t\t\t<figcaption class=\"widget-image-caption wp-caption-text\">Cliquez ici<\/figcaption>\n\t\t\t\t\t\t\t\t\t\t<\/figure>\n\t\t\t\t\t\t\t\t<\/div>\n\t\t\t\t\t\t<\/div>\n\t\t\t\t<\/div>\n\t\t\t\t<div class=\"elementor-element elementor-element-ec49872 elementor-widget elementor-widget-heading\" data-id=\"ec49872\" data-element_type=\"widget\" data-widget_type=\"heading.default\">\n\t\t\t\t<div class=\"elementor-widget-container\">\n\t\t\t<h2 class=\"elementor-heading-title elementor-size-medium\">Expertises et diagnostics structurels<\/h2>\t\t<\/div>\n\t\t\t\t<\/div>\n\t\t\t\t\t\t<\/div>\n\t\t\t\t\t<\/div>\n\t\t<\/div>\n\t\t\t\t\t\t\t\t<\/div>\n\t\t\t\t\t<\/div>\n\t\t<\/section>\n\t\t\t\t\t\t<\/div>\n\t\t\t\t\t\t<\/div>\n\t\t\t\t\t<\/div>\n\t\t","protected":false},"excerpt":{"rendered":"<p>Nos Projets \u2728 Tous nos projet r\u00e9alis\u00e9s selon leur domaine : Notre savoir-faire \u00e0 l\u2019\u00e9preuve du terrain Chez AMOPC, chaque projet r\u00e9alis\u00e9 est l\u2019occasion de mettre en \u0153uvre notre expertise et notre engagement aux c\u00f4t\u00e9s de nos partenaires. D\u00e9couvrez quelques exemples concrets de r\u00e9alisations qui illustrent notre capacit\u00e9 \u00e0 accompagner, piloter et concr\u00e9tiser des op\u00e9rations &hellip;<\/p>\n<p class=\"read-more\"> <a class=\"\" href=\"https:\/\/amopc-be.fr\/index.php\/realisations\/\"> <span class=\"screen-reader-text\">Realisations<\/span> Lire la suite\u00a0\u00bb<\/a><\/p>\n","protected":false},"author":1,"featured_media":0,"parent":0,"menu_order":0,"comment_status":"closed","ping_status":"closed","template":"","meta":{"footnotes":""},"class_list":["post-805","page","type-page","status-publish","hentry"],"yoast_head":"<!-- This site is optimized with the Yoast SEO plugin v14.2 - https:\/\/yoast.com\/wordpress\/plugins\/seo\/ -->\n<title>Realisations - AMOPC-be<\/title>\n<meta name=\"robots\" content=\"index, follow\" \/>\n<meta name=\"googlebot\" content=\"index, follow, max-snippet:-1, max-image-preview:large, max-video-preview:-1\" \/>\n<meta name=\"bingbot\" content=\"index, follow, max-snippet:-1, max-image-preview:large, max-video-preview:-1\" \/>\n<link rel=\"canonical\" href=\"https:\/\/amopc-be.fr\/index.php\/realisations\/\" \/>\n<meta property=\"og:locale\" content=\"fr_FR\" \/>\n<meta property=\"og:type\" content=\"article\" \/>\n<meta property=\"og:title\" content=\"Realisations - AMOPC-be\" \/>\n<meta property=\"og:description\" content=\"Nos Projets \u2728 Tous nos projet r\u00e9alis\u00e9s selon leur domaine : Notre savoir-faire \u00e0 l\u2019\u00e9preuve du terrain Chez AMOPC, chaque projet r\u00e9alis\u00e9 est l\u2019occasion de mettre en \u0153uvre notre expertise et notre engagement aux c\u00f4t\u00e9s de nos partenaires. D\u00e9couvrez quelques exemples concrets de r\u00e9alisations qui illustrent notre capacit\u00e9 \u00e0 accompagner, piloter et concr\u00e9tiser des op\u00e9rations &hellip; Realisations Lire la suite\u00a0\u00bb\" \/>\n<meta property=\"og:url\" content=\"https:\/\/amopc-be.fr\/index.php\/realisations\/\" \/>\n<meta property=\"og:site_name\" content=\"AMOPC-be\" \/>\n<meta property=\"article:modified_time\" content=\"2025-09-12T14:46:11+00:00\" \/>\n<meta property=\"og:image\" content=\"http:\/\/amopc-be.fr\/wp-content\/uploads\/2025\/04\/5-1024x1024.png\" \/>\n<meta name=\"twitter:card\" content=\"summary_large_image\" \/>\n<script type=\"application\/ld+json\" class=\"yoast-schema-graph\">{\"@context\":\"https:\/\/schema.org\",\"@graph\":[{\"@type\":\"WebSite\",\"@id\":\"https:\/\/amopc-be.fr\/#website\",\"url\":\"https:\/\/amopc-be.fr\/\",\"name\":\"AMOPC-be\",\"description\":\"AMOPC \\u2013 Vos projets, notre mission.\",\"potentialAction\":[{\"@type\":\"SearchAction\",\"target\":\"https:\/\/amopc-be.fr\/?s={search_term_string}\",\"query-input\":\"required name=search_term_string\"}],\"inLanguage\":\"fr-FR\"},{\"@type\":\"ImageObject\",\"@id\":\"https:\/\/amopc-be.fr\/index.php\/realisations\/#primaryimage\",\"inLanguage\":\"fr-FR\",\"url\":\"http:\/\/amopc-be.fr\/wp-content\/uploads\/2025\/04\/5-1024x1024.png\"},{\"@type\":\"WebPage\",\"@id\":\"https:\/\/amopc-be.fr\/index.php\/realisations\/#webpage\",\"url\":\"https:\/\/amopc-be.fr\/index.php\/realisations\/\",\"name\":\"Realisations - AMOPC-be\",\"isPartOf\":{\"@id\":\"https:\/\/amopc-be.fr\/#website\"},\"primaryImageOfPage\":{\"@id\":\"https:\/\/amopc-be.fr\/index.php\/realisations\/#primaryimage\"},\"datePublished\":\"2024-10-17T15:08:58+00:00\",\"dateModified\":\"2025-09-12T14:46:11+00:00\",\"inLanguage\":\"fr-FR\",\"potentialAction\":[{\"@type\":\"ReadAction\",\"target\":[\"https:\/\/amopc-be.fr\/index.php\/realisations\/\"]}]}]}<\/script>\n<!-- \/ Yoast SEO plugin. -->","_links":{"self":[{"href":"https:\/\/amopc-be.fr\/index.php\/wp-json\/wp\/v2\/pages\/805","targetHints":{"allow":["GET"]}}],"collection":[{"href":"https:\/\/amopc-be.fr\/index.php\/wp-json\/wp\/v2\/pages"}],"about":[{"href":"https:\/\/amopc-be.fr\/index.php\/wp-json\/wp\/v2\/types\/page"}],"author":[{"embeddable":true,"href":"https:\/\/amopc-be.fr\/index.php\/wp-json\/wp\/v2\/users\/1"}],"replies":[{"embeddable":true,"href":"https:\/\/amopc-be.fr\/index.php\/wp-json\/wp\/v2\/comments?post=805"}],"version-history":[{"count":14,"href":"https:\/\/amopc-be.fr\/index.php\/wp-json\/wp\/v2\/pages\/805\/revisions"}],"predecessor-version":[{"id":1598,"href":"https:\/\/amopc-be.fr\/index.php\/wp-json\/wp\/v2\/pages\/805\/revisions\/1598"}],"wp:attachment":[{"href":"https:\/\/amopc-be.fr\/index.php\/wp-json\/wp\/v2\/media?parent=805"}],"curies":[{"name":"wp","href":"https:\/\/api.w.org\/{rel}","templated":true}]}}